{"id":11709,"date":"2025-12-14T07:53:26","date_gmt":"2025-12-14T07:53:26","guid":{"rendered":"https:\/\/univet.rstheme.com\/cyan\/?page_id=11709"},"modified":"2026-03-15T15:33:47","modified_gmt":"2026-03-15T15:33:47","slug":"eventos","status":"publish","type":"page","link":"https:\/\/novo.aecoimbraoeste.pt\/wp\/eventos\/","title":{"rendered":"Todos os Eventos"},"content":{"rendered":"\t\t<div data-elementor-type=\"wp-page\" data-elementor-id=\"11709\" class=\"elementor elementor-11709\">\n\t\t\t\t<div data-aos-once=\"true\" class=\"elementor-element elementor-element-b4d5fd9 e-flex e-con-boxed e-con e-parent\" data-id=\"b4d5fd9\" data-element_type=\"container\" data-e-type=\"container\" data-settings=\"{&quot;background_background&quot;:&quot;classic&quot;}\">\n\t\t\t\t\t<div class=\"e-con-inner\">\n\t\t\t\t<div data-aos-once=\"true\" class=\"elementor-element elementor-element-bc96453 elementor-widget elementor-widget-rstb-breadcrumb\" data-id=\"bc96453\" data-element_type=\"widget\" data-e-type=\"widget\" data-widget_type=\"rstb-breadcrumb.default\">\n\t\t\t\t\t        <div class=\"rstb-breadcrumb\">\r\n\t\t\t<span property=\"itemListElement\" typeof=\"ListItem\"><a property=\"item\" typeof=\"WebPage\" title=\"Go to AECO.\" href=\"https:\/\/novo.aecoimbraoeste.pt\/wp\" class=\"home\" ><span property=\"name\">AECO<\/span><\/a><meta property=\"position\" content=\"1\"><\/span><span class=\"item-separator\"><svg class=\"e-font-icon-svg e-fas-angle-double-right\" viewBox=\"0 0 448 512\" xmlns=\"http:\/\/www.w3.org\/2000\/svg\"><path d=\"M224.3 273l-136 136c-9.4 9.4-24.6 9.4-33.9 0l-22.6-22.6c-9.4-9.4-9.4-24.6 0-33.9l96.4-96.4-96.4-96.4c-9.4-9.4-9.4-24.6 0-33.9L54.3 103c9.4-9.4 24.6-9.4 33.9 0l136 136c9.5 9.4 9.5 24.6.1 34zm192-34l-136-136c-9.4-9.4-24.6-9.4-33.9 0l-22.6 22.6c-9.4 9.4-9.4 24.6 0 33.9l96.4 96.4-96.4 96.4c-9.4 9.4-9.4 24.6 0 33.9l22.6 22.6c9.4 9.4 24.6 9.4 33.9 0l136-136c9.4-9.2 9.4-24.4 0-33.8z\"><\/path><\/svg><\/span><span property=\"itemListElement\" typeof=\"ListItem\"><a property=\"item\" typeof=\"WebPage\" title=\"Go to Blog.\" href=\"https:\/\/novo.aecoimbraoeste.pt\/wp\/blog\/\" class=\"post-root post post-post\" aria-current=\"page\"><span property=\"name\">Blog<\/span><\/a><meta property=\"position\" content=\"2\"><\/span>        <\/div>\r\n\t\t\t\t\t\t<\/div>\n\t\t\t\t<div data-aos-once=\"true\" class=\"elementor-element elementor-element-665682d elementor-widget elementor-widget-rstb-page-title\" data-id=\"665682d\" data-element_type=\"widget\" data-e-type=\"widget\" data-widget_type=\"rstb-page-title.default\">\n\t\t\t\t\t<h1 class=\"rstb-page-title\">Listagem Total<\/h1>\t\t\t\t<\/div>\n\t\t\t\t<div data-aos-once=\"true\" class=\"elementor-element elementor-element-89b572a elementor-widget elementor-widget-rs-divider\" data-id=\"89b572a\" data-element_type=\"widget\" data-e-type=\"widget\" data-widget_type=\"rs-divider.default\">\n\t\t\t\t\t        <div class=\"rs-divider dot-enable\">\r\n            <span> <\/span>\r\n\t\t\t        <\/div>\r\n\t\t\t\t\t\t<\/div>\n\t\t\t\t<div data-aos-once=\"true\" class=\"elementor-element elementor-element-cd45358 elementor-widget__width-initial elementor-widget elementor-widget-text-editor\" data-id=\"cd45358\" data-element_type=\"widget\" data-e-type=\"widget\" data-widget_type=\"text-editor.default\">\n\t\t\t\t\t\t\t\t\t<p>Listagem de todas as not\u00edcias, eventos e forma\u00e7\u00f5es do agrupamento<\/p>\t\t\t\t\t\t\t\t<\/div>\n\t\t\t\t<div data-aos-once=\"true\" class=\"elementor-element elementor-element-9d8f561 elementor-absolute gsap-move-yes down-90 start-10 elementor-hidden-mobile elementor-widget elementor-widget-rs-image\" data-id=\"9d8f561\" data-element_type=\"widget\" data-e-type=\"widget\" data-settings=\"{&quot;_position&quot;:&quot;absolute&quot;}\" data-widget_type=\"rs-image.default\">\n\t\t\t\t\t        <div class=\"rs-image\" >\r\n\t\t\t\t\t\t\t\t                        <img decoding=\"async\" class=\"rs-multi-image  reverse- blend_unset\" src=\"https:\/\/univet.rstheme.com\/cyan\/wp-content\/uploads\/sites\/17\/2025\/11\/bnr-arrow-1-1.png\"\r\n                             alt=\"bnr-arrow-1-1\"\/>\r\n\t\t\t\t\t\t        <\/div>\r\n\t\t\t\t\t\t<\/div>\n\t\t\t\t\t<\/div>\n\t\t\t\t<\/div>\n\t\t<div data-aos-once=\"true\" class=\"elementor-element elementor-element-6a3c146 e-flex e-con-boxed e-con e-parent\" data-id=\"6a3c146\" data-element_type=\"container\" data-e-type=\"container\" data-settings=\"{&quot;background_background&quot;:&quot;classic&quot;}\">\n\t\t\t\t\t<div class=\"e-con-inner\">\n\t\t<div data-aos-once=\"true\" class=\"elementor-element elementor-element-c60b253 e-con-full e-flex e-con e-child\" data-id=\"c60b253\" data-element_type=\"container\" data-e-type=\"container\">\n\t\t\t\t<div data-aos-once=\"true\" class=\"elementor-element elementor-element-d517fa5 elementor-widget__width-inherit elementor-widget elementor-widget-rs-events\" data-id=\"d517fa5\" data-element_type=\"widget\" data-e-type=\"widget\" data-widget_type=\"rs-events.default\">\n\t\t\t\t\t        <div class=\"rs-event-posts\">\r\n            <div class=\"grid-wrapper\">\r\n\t\t\t\t        <div class=\"event-post-item\">\r\n\t\t\t                <div class=\"event-thumbnail\">\r\n\t\t\t\t\t<img fetchpriority=\"high\" decoding=\"async\" width=\"768\" height=\"1152\" src=\"https:\/\/novo.aecoimbraoeste.pt\/wp\/wp-content\/uploads\/2026\/03\/dia_internacional_migrante-768x1152.jpeg\" class=\"attachment-medium_large size-medium_large wp-post-image\" alt=\"\" srcset=\"https:\/\/novo.aecoimbraoeste.pt\/wp\/wp-content\/uploads\/2026\/03\/dia_internacional_migrante-768x1152.jpeg 768w, https:\/\/novo.aecoimbraoeste.pt\/wp\/wp-content\/uploads\/2026\/03\/dia_internacional_migrante-200x300.jpeg 200w, https:\/\/novo.aecoimbraoeste.pt\/wp\/wp-content\/uploads\/2026\/03\/dia_internacional_migrante-683x1024.jpeg 683w, https:\/\/novo.aecoimbraoeste.pt\/wp\/wp-content\/uploads\/2026\/03\/dia_internacional_migrante-e1773577574985.jpeg 150w\" sizes=\"(max-width: 768px) 100vw, 768px\" \/>        <div class=\"event-meta on-thumbnail\">\r\n\t\t\t            <span class=\"meta-time\">\r\n\t\t\t\tMIOT, USA            <\/span>\r\n\t\t\t\t\t        <\/div>\r\n\t\t                <\/div>\r\n\t\t\t            <div class=\"event-content\">\r\n\t\t\t\t        <div class=\"event-meta before-title\">\r\n\t\t\t            <span class=\"meta-date\">\r\n\t\t\t\tAgosto 4, 2025            <\/span>\r\n\t\t\t<span class=\"meta-divider\"><\/span>\t\t            <span class=\"meta-time\">\r\n\t\t\t\t09:00 AM - 03:40 PM            <\/span>\r\n\t\t\t<span class=\"meta-divider\"><\/span>\t\t        <\/div>\r\n\t\t<h4 class=\"event-title\"><a href=\"https:\/\/novo.aecoimbraoeste.pt\/wp\/events\/dia-internacional-do-migrante-clone-clone\/\">Dia Internacional do Migrante Clone..<\/a><\/h4>        <a href=\"https:\/\/novo.aecoimbraoeste.pt\/wp\/events\/dia-internacional-do-migrante-clone-clone\/\" class=\"event-read-more\">\r\n\t\t\tView Details\t\t\t        <\/a>\r\n\t\t            <\/div>\r\n        <\/div>\r\n\t\t        <div class=\"event-post-item\">\r\n\t\t\t                <div class=\"event-thumbnail\">\r\n\t\t\t\t\t<img fetchpriority=\"high\" decoding=\"async\" width=\"768\" height=\"1152\" src=\"https:\/\/novo.aecoimbraoeste.pt\/wp\/wp-content\/uploads\/2026\/03\/dia_internacional_migrante-768x1152.jpeg\" class=\"attachment-medium_large size-medium_large wp-post-image\" alt=\"\" srcset=\"https:\/\/novo.aecoimbraoeste.pt\/wp\/wp-content\/uploads\/2026\/03\/dia_internacional_migrante-768x1152.jpeg 768w, https:\/\/novo.aecoimbraoeste.pt\/wp\/wp-content\/uploads\/2026\/03\/dia_internacional_migrante-200x300.jpeg 200w, https:\/\/novo.aecoimbraoeste.pt\/wp\/wp-content\/uploads\/2026\/03\/dia_internacional_migrante-683x1024.jpeg 683w, https:\/\/novo.aecoimbraoeste.pt\/wp\/wp-content\/uploads\/2026\/03\/dia_internacional_migrante-e1773577574985.jpeg 150w\" sizes=\"(max-width: 768px) 100vw, 768px\" \/>        <div class=\"event-meta on-thumbnail\">\r\n\t\t\t            <span class=\"meta-time\">\r\n\t\t\t\tMIOT, USA            <\/span>\r\n\t\t\t\t\t        <\/div>\r\n\t\t                <\/div>\r\n\t\t\t            <div class=\"event-content\">\r\n\t\t\t\t        <div class=\"event-meta before-title\">\r\n\t\t\t            <span class=\"meta-date\">\r\n\t\t\t\tAgosto 4, 2025            <\/span>\r\n\t\t\t<span class=\"meta-divider\"><\/span>\t\t            <span class=\"meta-time\">\r\n\t\t\t\t09:00 AM - 03:40 PM            <\/span>\r\n\t\t\t<span class=\"meta-divider\"><\/span>\t\t        <\/div>\r\n\t\t<h4 class=\"event-title\"><a href=\"https:\/\/novo.aecoimbraoeste.pt\/wp\/events\/dia-internacional-do-migrante-clone\/\">Dia Internacional do Migrante Clone<\/a><\/h4>        <a href=\"https:\/\/novo.aecoimbraoeste.pt\/wp\/events\/dia-internacional-do-migrante-clone\/\" class=\"event-read-more\">\r\n\t\t\tView Details\t\t\t        <\/a>\r\n\t\t            <\/div>\r\n        <\/div>\r\n\t\t        <div class=\"event-post-item\">\r\n\t\t\t                <div class=\"event-thumbnail\">\r\n\t\t\t\t\t<img decoding=\"async\" width=\"768\" height=\"1152\" src=\"https:\/\/novo.aecoimbraoeste.pt\/wp\/wp-content\/uploads\/2026\/03\/aecosis_dr_filipe_v2-768x1152.jpg\" class=\"attachment-medium_large size-medium_large wp-post-image\" alt=\"\" srcset=\"https:\/\/novo.aecoimbraoeste.pt\/wp\/wp-content\/uploads\/2026\/03\/aecosis_dr_filipe_v2-768x1152.jpg 768w, https:\/\/novo.aecoimbraoeste.pt\/wp\/wp-content\/uploads\/2026\/03\/aecosis_dr_filipe_v2-200x300.jpg 200w, https:\/\/novo.aecoimbraoeste.pt\/wp\/wp-content\/uploads\/2026\/03\/aecosis_dr_filipe_v2-682x1024.jpg 682w, https:\/\/novo.aecoimbraoeste.pt\/wp\/wp-content\/uploads\/2026\/03\/aecosis_dr_filipe_v2.jpg 825w\" sizes=\"(max-width: 768px) 100vw, 768px\" \/>        <div class=\"event-meta on-thumbnail\">\r\n\t\t\t            <span class=\"meta-time\">\r\n\t\t\t\tCoimbra, Portugal            <\/span>\r\n\t\t\t\t\t        <\/div>\r\n\t\t                <\/div>\r\n\t\t\t            <div class=\"event-content\">\r\n\t\t\t\t        <div class=\"event-meta before-title\">\r\n\t\t\t            <span class=\"meta-date\">\r\n\t\t\t\tMar\u00e7o 16, 2026            <\/span>\r\n\t\t\t<span class=\"meta-divider\"><\/span>\t\t            <span class=\"meta-time\">\r\n\t\t\t\t09:00 AM - 03:40 PM            <\/span>\r\n\t\t\t<span class=\"meta-divider\"><\/span>\t\t        <\/div>\r\n\t\t<h4 class=\"event-title\"><a href=\"https:\/\/novo.aecoimbraoeste.pt\/wp\/events\/a-conversa-com-doutor-filipe-palavra\/\">\u00c0 Conversa com &#8230; Doutor..<\/a><\/h4>        <a href=\"https:\/\/novo.aecoimbraoeste.pt\/wp\/events\/a-conversa-com-doutor-filipe-palavra\/\" class=\"event-read-more\">\r\n\t\t\tView Details\t\t\t        <\/a>\r\n\t\t            <\/div>\r\n        <\/div>\r\n\t\t        <div class=\"event-post-item\">\r\n\t\t\t                <div class=\"event-thumbnail\">\r\n\t\t\t\t\t<img decoding=\"async\" width=\"768\" height=\"461\" src=\"https:\/\/novo.aecoimbraoeste.pt\/wp\/wp-content\/uploads\/2025\/12\/e-event-img-9-min-768x461.jpg\" class=\"attachment-medium_large size-medium_large wp-post-image\" alt=\"\" srcset=\"https:\/\/novo.aecoimbraoeste.pt\/wp\/wp-content\/uploads\/2025\/12\/e-event-img-9-min-768x461.jpg 768w, https:\/\/novo.aecoimbraoeste.pt\/wp\/wp-content\/uploads\/2025\/12\/e-event-img-9-min-300x180.jpg 300w, https:\/\/novo.aecoimbraoeste.pt\/wp\/wp-content\/uploads\/2025\/12\/e-event-img-9-min-1024x614.jpg 1024w, https:\/\/novo.aecoimbraoeste.pt\/wp\/wp-content\/uploads\/2025\/12\/e-event-img-9-min.jpg 1280w\" sizes=\"(max-width: 768px) 100vw, 768px\" \/>        <div class=\"event-meta on-thumbnail\">\r\n\t\t\t            <span class=\"meta-time\">\r\n\t\t\t\tCaltech, USA            <\/span>\r\n\t\t\t\t\t        <\/div>\r\n\t\t                <\/div>\r\n\t\t\t            <div class=\"event-content\">\r\n\t\t\t\t        <div class=\"event-meta before-title\">\r\n\t\t\t            <span class=\"meta-date\">\r\n\t\t\t\tAgosto 4, 2025            <\/span>\r\n\t\t\t<span class=\"meta-divider\"><\/span>\t\t            <span class=\"meta-time\">\r\n\t\t\t\t09:00 AM - 03:40 PM            <\/span>\r\n\t\t\t<span class=\"meta-divider\"><\/span>\t\t        <\/div>\r\n\t\t<h4 class=\"event-title\"><a href=\"https:\/\/novo.aecoimbraoeste.pt\/wp\/events\/formacao-1-clone\/\">Formacao 1 Clone<\/a><\/h4>        <a href=\"https:\/\/novo.aecoimbraoeste.pt\/wp\/events\/formacao-1-clone\/\" class=\"event-read-more\">\r\n\t\t\tView Details\t\t\t        <\/a>\r\n\t\t            <\/div>\r\n        <\/div>\r\n\t\t        <div class=\"event-post-item\">\r\n\t\t\t                <div class=\"event-thumbnail\">\r\n\t\t\t\t\t<img fetchpriority=\"high\" decoding=\"async\" width=\"768\" height=\"1152\" src=\"https:\/\/novo.aecoimbraoeste.pt\/wp\/wp-content\/uploads\/2026\/03\/dia_internacional_migrante-768x1152.jpeg\" class=\"attachment-medium_large size-medium_large wp-post-image\" alt=\"\" srcset=\"https:\/\/novo.aecoimbraoeste.pt\/wp\/wp-content\/uploads\/2026\/03\/dia_internacional_migrante-768x1152.jpeg 768w, https:\/\/novo.aecoimbraoeste.pt\/wp\/wp-content\/uploads\/2026\/03\/dia_internacional_migrante-200x300.jpeg 200w, https:\/\/novo.aecoimbraoeste.pt\/wp\/wp-content\/uploads\/2026\/03\/dia_internacional_migrante-683x1024.jpeg 683w, https:\/\/novo.aecoimbraoeste.pt\/wp\/wp-content\/uploads\/2026\/03\/dia_internacional_migrante-e1773577574985.jpeg 150w\" sizes=\"(max-width: 768px) 100vw, 768px\" \/>        <div class=\"event-meta on-thumbnail\">\r\n\t\t\t            <span class=\"meta-time\">\r\n\t\t\t\tMIOT, USA            <\/span>\r\n\t\t\t\t\t        <\/div>\r\n\t\t                <\/div>\r\n\t\t\t            <div class=\"event-content\">\r\n\t\t\t\t        <div class=\"event-meta before-title\">\r\n\t\t\t            <span class=\"meta-date\">\r\n\t\t\t\tAgosto 4, 2025            <\/span>\r\n\t\t\t<span class=\"meta-divider\"><\/span>\t\t            <span class=\"meta-time\">\r\n\t\t\t\t09:00 AM - 03:40 PM            <\/span>\r\n\t\t\t<span class=\"meta-divider\"><\/span>\t\t        <\/div>\r\n\t\t<h4 class=\"event-title\"><a href=\"https:\/\/novo.aecoimbraoeste.pt\/wp\/events\/dia-internacional-do-migrante\/\">Dia Internacional do Migrante<\/a><\/h4>        <a href=\"https:\/\/novo.aecoimbraoeste.pt\/wp\/events\/dia-internacional-do-migrante\/\" class=\"event-read-more\">\r\n\t\t\tView Details\t\t\t        <\/a>\r\n\t\t            <\/div>\r\n        <\/div>\r\n\t\t        <div class=\"event-post-item\">\r\n\t\t\t                <div class=\"event-thumbnail\">\r\n\t\t\t\t\t<img loading=\"lazy\" decoding=\"async\" width=\"524\" height=\"484\" src=\"https:\/\/novo.aecoimbraoeste.pt\/wp\/wp-content\/uploads\/2025\/12\/tav.png\" class=\"attachment-medium_large size-medium_large wp-post-image\" alt=\"\" srcset=\"https:\/\/novo.aecoimbraoeste.pt\/wp\/wp-content\/uploads\/2025\/12\/tav.png 524w, https:\/\/novo.aecoimbraoeste.pt\/wp\/wp-content\/uploads\/2025\/12\/tav-300x277.png 300w\" sizes=\"(max-width: 524px) 100vw, 524px\" \/>        <div class=\"event-meta on-thumbnail\">\r\n\t\t\t            <span class=\"meta-time\">\r\n\t\t\t\tCoimbra, Portugal            <\/span>\r\n\t\t\t\t\t        <\/div>\r\n\t\t                <\/div>\r\n\t\t\t            <div class=\"event-content\">\r\n\t\t\t\t        <div class=\"event-meta before-title\">\r\n\t\t\t            <span class=\"meta-date\">\r\n\t\t\t\tMar\u00e7o 4, 2026            <\/span>\r\n\t\t\t<span class=\"meta-divider\"><\/span>\t\t            <span class=\"meta-time\">\r\n\t\t\t\t09:00 AM - 03:40 PM            <\/span>\r\n\t\t\t<span class=\"meta-divider\"><\/span>\t\t        <\/div>\r\n\t\t<h4 class=\"event-title\"><a href=\"https:\/\/novo.aecoimbraoeste.pt\/wp\/events\/academic-excellence-intellectual-development-summit-2025\/\">&#8220;Outubro Rosa&#8221; &#8211; La\u00e7os Humanos<\/a><\/h4>        <a href=\"https:\/\/novo.aecoimbraoeste.pt\/wp\/events\/academic-excellence-intellectual-development-summit-2025\/\" class=\"event-read-more\">\r\n\t\t\tView Details\t\t\t        <\/a>\r\n\t\t            <\/div>\r\n        <\/div>\r\n\t\t        <div class=\"event-post-item\">\r\n\t\t\t                <div class=\"event-thumbnail\">\r\n\t\t\t\t\t<img decoding=\"async\" width=\"768\" height=\"461\" src=\"https:\/\/novo.aecoimbraoeste.pt\/wp\/wp-content\/uploads\/2025\/12\/e-event-img-9-min-768x461.jpg\" class=\"attachment-medium_large size-medium_large wp-post-image\" alt=\"\" srcset=\"https:\/\/novo.aecoimbraoeste.pt\/wp\/wp-content\/uploads\/2025\/12\/e-event-img-9-min-768x461.jpg 768w, https:\/\/novo.aecoimbraoeste.pt\/wp\/wp-content\/uploads\/2025\/12\/e-event-img-9-min-300x180.jpg 300w, https:\/\/novo.aecoimbraoeste.pt\/wp\/wp-content\/uploads\/2025\/12\/e-event-img-9-min-1024x614.jpg 1024w, https:\/\/novo.aecoimbraoeste.pt\/wp\/wp-content\/uploads\/2025\/12\/e-event-img-9-min.jpg 1280w\" sizes=\"(max-width: 768px) 100vw, 768px\" \/>        <div class=\"event-meta on-thumbnail\">\r\n\t\t\t            <span class=\"meta-time\">\r\n\t\t\t\tCaltech, USA            <\/span>\r\n\t\t\t\t\t        <\/div>\r\n\t\t                <\/div>\r\n\t\t\t            <div class=\"event-content\">\r\n\t\t\t\t        <div class=\"event-meta before-title\">\r\n\t\t\t            <span class=\"meta-date\">\r\n\t\t\t\tAgosto 4, 2025            <\/span>\r\n\t\t\t<span class=\"meta-divider\"><\/span>\t\t            <span class=\"meta-time\">\r\n\t\t\t\t09:00 AM - 03:40 PM            <\/span>\r\n\t\t\t<span class=\"meta-divider\"><\/span>\t\t        <\/div>\r\n\t\t<h4 class=\"event-title\"><a href=\"https:\/\/novo.aecoimbraoeste.pt\/wp\/events\/community-engagement-social-impact-excellence-summit\/\">Formacao 1<\/a><\/h4>        <a href=\"https:\/\/novo.aecoimbraoeste.pt\/wp\/events\/community-engagement-social-impact-excellence-summit\/\" class=\"event-read-more\">\r\n\t\t\tView Details\t\t\t        <\/a>\r\n\t\t            <\/div>\r\n        <\/div>\r\n\t\t            <\/div>\r\n        <\/div>\r\n\t\t\t\t\t\t<\/div>\n\t\t\t\t<\/div>\n\t\t\t\t\t<\/div>\n\t\t\t\t<\/div>\n\t\t\t\t<\/div>\n\t\t","protected":false},"excerpt":{"rendered":"<p>AECOBlog Listagem Total Listagem de todas as not\u00edcias, eventos e forma\u00e7\u00f5es do agrupamento MIOT, USA Agosto 4, 2025 09:00 AM &#8211; 03:40 PM Dia Internacional do Migrante Clone.. View Details MIOT, USA Agosto 4, 2025 09:00 AM &#8211; 03:40 PM Dia Internacional do Migrante Clone View Details Coimbra, Portugal Mar\u00e7o 16, 2026 09:00 AM &#8211; [&hellip;]<\/p>\n","protected":false},"author":1,"featured_media":0,"parent":0,"menu_order":0,"comment_status":"closed","ping_status":"closed","template":"","meta":{"pagelayer_contact_templates":[],"_pagelayer_content":"","footnotes":""},"class_list":["post-11709","page","type-page","status-publish","hentry"],"_links":{"self":[{"href":"https:\/\/novo.aecoimbraoeste.pt\/wp\/wp-json\/wp\/v2\/pages\/11709","targetHints":{"allow":["GET"]}}],"collection":[{"href":"https:\/\/novo.aecoimbraoeste.pt\/wp\/wp-json\/wp\/v2\/pages"}],"about":[{"href":"https:\/\/novo.aecoimbraoeste.pt\/wp\/wp-json\/wp\/v2\/types\/page"}],"author":[{"embeddable":true,"href":"https:\/\/novo.aecoimbraoeste.pt\/wp\/wp-json\/wp\/v2\/users\/1"}],"replies":[{"embeddable":true,"href":"https:\/\/novo.aecoimbraoeste.pt\/wp\/wp-json\/wp\/v2\/comments?post=11709"}],"version-history":[{"count":8,"href":"https:\/\/novo.aecoimbraoeste.pt\/wp\/wp-json\/wp\/v2\/pages\/11709\/revisions"}],"predecessor-version":[{"id":19778,"href":"https:\/\/novo.aecoimbraoeste.pt\/wp\/wp-json\/wp\/v2\/pages\/11709\/revisions\/19778"}],"wp:attachment":[{"href":"https:\/\/novo.aecoimbraoeste.pt\/wp\/wp-json\/wp\/v2\/media?parent=11709"}],"curies":[{"name":"wp","href":"https:\/\/api.w.org\/{rel}","templated":true}]}}